{"id":705,"date":"2019-08-07T13:04:37","date_gmt":"2019-08-07T11:04:37","guid":{"rendered":"https:\/\/kampfkunstschulekoblenz.com\/?page_id=705"},"modified":"2026-03-18T08:21:31","modified_gmt":"2026-03-18T06:21:31","slug":"do","status":"publish","type":"page","link":"https:\/\/kampfkunstschulekoblenz.com\/?page_id=705","title":{"rendered":"Do &#8211; der Weg"},"content":{"rendered":"<p><span style=\"font-family: Arial, sans-serif;\"><span style=\"font-size: large;\">&#8222;Ishin Denshin&#8220; &#8211; w\u00f6rtlich \u00fcbersetzt &#8222;von Herz-Geist zu Herz-Geist&#8220; &#8211; steht f\u00fcr das Vermitteln von Kenntnissen und F\u00e4higkeiten von Mensch zu Mensch. Herz und Geist sind beteiligt, wenn wir lernen. Beide sind wichtig, wenn man lernen und sich weiter entwickeln will. Doch Extreme in beide Richtungen behindern uns auf dem Weg.<\/span><\/span><\/p>\r\n<p><span style=\"font-family: Arial, sans-serif;\"><span style=\"font-size: large;\">Buddha werden die folgenden Worte zugesprochen: <i>&#8222;L\u00e4sst du die Saite zu schlaff, kann sie nicht schwingen. Spannst du sie zu straff, wird sie rei\u00dfen.&#8220;<\/i><\/span><\/span><\/p>\r\n<p><span style=\"font-family: Arial, sans-serif;\"><span style=\"font-size: large;\">Das darin verborgene Geheimnis ist der mittlere Weg mit dem rechten Ma\u00df. Ziel ist es, traditionelle Prinzipien und Techniken mit einer modernen Sichtweise zu vereinen. Im Training verbinde ich die k\u00f6rperliche \u00dcbung mit einer geistigen Schulung.<\/span><\/span><\/p>\r\n<p><span style=\"font-family: Arial, sans-serif;\"><span style=\"font-size: large;\">Der K\u00f6rper ist der Tempel der Seele. K\u00f6rper und Seele ruhen im Geist, der beide lenkt. Die Kraft daf\u00fcr kommt aus Ki, der kosmischen Kraft. Sie ist unendlich und unersch\u00f6pflich. \u00dcben wir so, wird alles machtvoll und leicht. Es entwickeln sich Freude und Gelassenheit, ein gesundes Selbstbewusstsein und Selbstsicherheit.<\/span><\/span><\/p>\r\n<p><span style=\"font-family: Arial, sans-serif;\"><span style=\"font-size: large;\">Diese Haltung macht uns zu aufrichtigen und n\u00fctzlichen Mitgliedern unserer Gesellschaft &#8211; frei im Geist und mutig im Herzen.<\/span><\/span><\/p>\r\n<p align=\"center\"><span style=\"font-family: Arial, sans-serif;\"><span style=\"font-size: large;\">Ganbatte Kudasai (Bem\u00fchen wir uns und geben unser Bestes)! <\/span><\/span><\/p>\r\n<!-- \/wp:post-content -->\r\n\r\n<!-- wp:image {\"align\":\"center\",\"id\":436,\"width\":300,\"height\":392,\"sizeSlug\":\"large\"} -->\r\n<div class=\"wp-block-image\">\r\n<figure class=\"aligncenter size-large is-resized\"><img data-recalc-dims=\"1\" loading=\"lazy\" decoding=\"async\" data-attachment-id=\"436\" data-permalink=\"https:\/\/kampfkunstschulekoblenz.com\/?attachment_id=436\" data-orig-file=\"https:\/\/i0.wp.com\/kampfkunstschulekoblenz.com\/wp-content\/uploads\/2019\/07\/ishin-denshin-kalligrafie-von-hatsumi-masaaki-1.jpg?fit=1173%2C1533&amp;ssl=1\" data-orig-size=\"1173,1533\" data-comments-opened=\"1\" data-image-meta=\"{&quot;aperture&quot;:&quot;0&quot;,&quot;credit&quot;:&quot;&quot;,&quot;camera&quot;:&quot;&quot;,&quot;caption&quot;:&quot;&quot;,&quot;created_timestamp&quot;:&quot;0&quot;,&quot;copyright&quot;:&quot;&quot;,&quot;focal_length&quot;:&quot;0&quot;,&quot;iso&quot;:&quot;0&quot;,&quot;shutter_speed&quot;:&quot;0&quot;,&quot;title&quot;:&quot;&quot;,&quot;orientation&quot;:&quot;0&quot;}\" data-image-title=\"Ishin-Denshin-Kalligrafie-von-Hatsumi-Masaaki\" data-image-description=\"\" data-image-caption=\"\" data-large-file=\"https:\/\/i0.wp.com\/kampfkunstschulekoblenz.com\/wp-content\/uploads\/2019\/07\/ishin-denshin-kalligrafie-von-hatsumi-masaaki-1.jpg?fit=784%2C1024&amp;ssl=1\" class=\"wp-image-436 aligncenter\" src=\"https:\/\/i0.wp.com\/kampfkunstschulekoblenz.com\/wp-content\/uploads\/2019\/07\/ishin-denshin-kalligrafie-von-hatsumi-masaaki-1.jpg?resize=300%2C392&#038;ssl=1\" alt=\"\" width=\"300\" height=\"392\" \/><\/figure>\r\n<\/div>\r\n<!-- \/wp:image -->\r\n\r\n<!-- wp:paragraph {\"align\":\"center\"} -->\r\n<p align=\"center\"><span style=\"font-family: Arial, sans-serif;\"><span style=\"font-size: large;\">Kalligraphie zur Bedeutung von <strong>&#8222;Ishin Denshin&#8220;<\/strong><\/span><\/span><\/p>\r\n<p align=\"center\"><span style=\"font-family: Arial, sans-serif;\"><span style=\"font-size: large;\">Geist-\u00dcbertragung<\/span><\/span><\/p>\r\n<p align=\"center\"><span style=\"font-family: Arial, sans-serif;\"><span style=\"font-size: large;\">Unterrichten von Herz-Geist zu Herz-Geist<\/span><\/span><\/p>\r\n<p align=\"center\"><span style=\"font-family: Arial, sans-serif;\"><span style=\"font-size: large;\">Aufrichtigkeit<\/span><\/span><\/p>\r\n<p align=\"center\"><em><span style=\"font-family: Arial, sans-serif;\"><span style=\"font-size: large;\">Kalligraph: Dr. <a href=\"https:\/\/de.wikipedia.org\/wiki\/Masaaki_Hatsumi\">Masaaki Hatsumi<\/a>, Soke des Bujinkan<\/span><\/span><\/em><\/p>\r\n<p align=\"center\"><em><span style=\"font-family: Arial, sans-serif;\"><span style=\"font-size: large;\">Ver\u00f6ffentlichung autorisiert durch Daishihan Sascha Uvira, 15. Dan Kugyou Happo Biken<\/span><\/span><\/em><\/p>","protected":false},"excerpt":{"rendered":"<p>&#8222;Ishin Denshin&#8220; &#8211; w\u00f6rtlich \u00fcbersetzt &#8222;von Herz-Geist zu Herz-Geist&#8220; &#8211; steht f\u00fcr das Vermitteln von Kenntnissen und F\u00e4higkeiten von Mensch zu Mensch. Herz und Geist sind beteiligt, wenn wir lernen. Beide sind wichtig, wenn man lernen und sich weiter entwickeln will. Doch Extreme in beide Richtungen behindern uns auf dem Weg. Buddha werden die folgenden [&hellip;]<\/p>\n","protected":false},"author":160132417,"featured_media":0,"parent":0,"menu_order":150,"comment_status":"closed","ping_status":"closed","template":"","meta":{"_crdt_document":"","ngg_post_thumbnail":0,"footnotes":"","big_sky_generated":false},"class_list":["post-705","page","type-page","status-publish","hentry"],"jetpack_likes_enabled":false,"jetpack_sharing_enabled":true,"jetpack_shortlink":"https:\/\/wp.me\/Pb7zZm-bn","amp_enabled":true,"_links":{"self":[{"href":"https:\/\/kampfkunstschulekoblenz.com\/index.php?rest_route=\/wp\/v2\/pages\/705","targetHints":{"allow":["GET"]}}],"collection":[{"href":"https:\/\/kampfkunstschulekoblenz.com\/index.php?rest_route=\/wp\/v2\/pages"}],"about":[{"href":"https:\/\/kampfkunstschulekoblenz.com\/index.php?rest_route=\/wp\/v2\/types\/page"}],"author":[{"embeddable":true,"href":"https:\/\/kampfkunstschulekoblenz.com\/index.php?rest_route=\/wp\/v2\/users\/160132417"}],"replies":[{"embeddable":true,"href":"https:\/\/kampfkunstschulekoblenz.com\/index.php?rest_route=%2Fwp%2Fv2%2Fcomments&post=705"}],"version-history":[{"count":39,"href":"https:\/\/kampfkunstschulekoblenz.com\/index.php?rest_route=\/wp\/v2\/pages\/705\/revisions"}],"predecessor-version":[{"id":4742,"href":"https:\/\/kampfkunstschulekoblenz.com\/index.php?rest_route=\/wp\/v2\/pages\/705\/revisions\/4742"}],"wp:attachment":[{"href":"https:\/\/kampfkunstschulekoblenz.com\/index.php?rest_route=%2Fwp%2Fv2%2Fmedia&parent=705"}],"curies":[{"name":"wp","href":"https:\/\/api.w.org\/{rel}","templated":true}]}}